{"id":3606,"date":"2024-11-23T21:03:41","date_gmt":"2024-11-23T21:03:41","guid":{"rendered":"https:\/\/tivaconteudo.com.br\/ewwa\/produto\/leave-in-camu-camu\/"},"modified":"2025-01-18T01:33:41","modified_gmt":"2025-01-18T04:33:41","slug":"leave-in-camu-camu","status":"publish","type":"product","link":"https:\/\/tivaconteudo.com.br\/ewwa\/produto\/leave-in-camu-camu\/","title":{"rendered":"Leave-in Camu-Camu 120ml"},"content":{"rendered":"<p><span style=\"font-weight: 400;\">O<\/span> <b>Leave-in Camu-Camu Eww\u00e1<\/b><span style=\"font-weight: 400;\"> foi criado para proporcionar for\u00e7a e sa\u00fade aos cabelos. Enriquecido com \u00f3leo de cal\u00eandula, ele fortalece os fios, ajuda a prevenir a quebra e oferece hidrata\u00e7\u00e3o profunda. Sua f\u00f3rmula exclusiva age prolongando os efeitos de nutri\u00e7\u00e3o e prote\u00e7\u00e3o, deixando os cabelos saud\u00e1veis, macios e com brilho natural.<\/span><\/p>\n<p><b>Modo de usar: <\/b><span style=\"font-weight: 400;\">Ap\u00f3s a lavagem com shampoo e condicionador e o enx\u00e1gue adequado, aplicar o leave-in nos cabelos ainda \u00famidos de maneira uniforme por toda a extens\u00e3o. Finalizar como desejar. N\u00e3o enxaguar.<\/span><\/p>\n<p><b>Composi\u00e7\u00e3o:<\/b><span style=\"font-weight: 400;\"> Aqua\/\u00c1gua, Cetearyl Alcohol\/\u00c1lcool cetoestear\u00edlico, Cetyl Trimethyl Ammonium Chloride\/Quarten\u00e1rio de am\u00f4nia 29%, Ceteareth \u2013 20\/\u00c1lcool cetoestear\u00edlico etoxilado, Polyquaternium-10\/Poliquat\u00e9rnio-10, Bis-Hydroxy\/Methoxy Amodimethicone\/Silicone 8087, Dimethicone\/Silicone 200, Caprilyc Capric Triglyceride\/Triglicer\u00eddeos dos \u00e1cidos c\u00e1prico e capr\u00edlico, Myrciaria dubia extract\/ Extrato de Camu-camu, Cetyl Alcohol\/\u00c1lcool cet\u00edlico, Parfum\/Perfume, Centella asi\u00e1tica extract\/Extrato de Centelha Asi\u00e1tica, Methylchloroisothiazolinone \u00b7 Methylisothiazolinone\u00a0 \/Sharomix MCI, PEG-90M\/PEG-90, EDTA\/EDTA diss\u00f3dico, BHT\/Butilhidroxitolueno, Citric Acid\/ \u00c1cido C\u00edtrico. Linalol\/Linalol, Dextrolimoneno\/Dextrolimoneno, Citronelol\/Citronelol, Butilfenil Metilpropional\/ Butilfenil Metilpropional, Cumarina\/Cumarina, Salicilato de Benzila\/Salicilato de Benzila, Hexil Cinamal\/Hexil Cinamal, Benzoato de Benzila\/Benzoato de Benzila, Metil Iononas\/Metil Iononas, Eugenol\/Eugenol, \u00c1lcool Benz\u00edlico\/\u00c1lcool Benz\u00edlico, Citral\/Citral.<\/span><\/p>\n<p><b>Precau\u00e7\u00f5es: <\/b><span style=\"font-weight: 400;\">Guarde em local seco, fresco e longe do alcance das crian\u00e7as e dos animais dom\u00e9sticos. N\u00e3o usar se o couro cabeludo estiver irritado ou lesionado. Em caso de ard\u00eancia, coceira ou vermelhid\u00e3o\/irrita\u00e7\u00e3o, interrompa o uso do produto e consulte o seu m\u00e9dico. Uso externo.<\/span><\/p>\n","protected":false},"excerpt":{"rendered":"<p><span style=\"font-weight: 400;\">Age prolongando os efeitos de nutri\u00e7\u00e3o e prote\u00e7\u00e3o, deixando os cabelos saud\u00e1veis, macios e com brilho natural.<\/span><\/p>\n","protected":false},"featured_media":4754,"template":"","meta":[],"product_brand":[],"product_cat":[98,120],"product_tag":[307],"class_list":{"0":"post-3606","1":"product","2":"type-product","3":"status-publish","4":"has-post-thumbnail","6":"product_cat-capilar","7":"product_cat-leave-in","8":"product_tag-camu-camu","10":"first","11":"outofstock","12":"taxable","13":"shipping-taxable","14":"purchasable","15":"product-type-simple","16":"add-to-wishlist-after_add_to_cart"},"_links":{"self":[{"href":"https:\/\/tivaconteudo.com.br\/ewwa\/wp-json\/wp\/v2\/product\/3606","targetHints":{"allow":["GET"]}}],"collection":[{"href":"https:\/\/tivaconteudo.com.br\/ewwa\/wp-json\/wp\/v2\/product"}],"about":[{"href":"https:\/\/tivaconteudo.com.br\/ewwa\/wp-json\/wp\/v2\/types\/product"}],"wp:featuredmedia":[{"embeddable":true,"href":"https:\/\/tivaconteudo.com.br\/ewwa\/wp-json\/wp\/v2\/media\/4754"}],"wp:attachment":[{"href":"https:\/\/tivaconteudo.com.br\/ewwa\/wp-json\/wp\/v2\/media?parent=3606"}],"wp:term":[{"taxonomy":"product_brand","embeddable":true,"href":"https:\/\/tivaconteudo.com.br\/ewwa\/wp-json\/wp\/v2\/product_brand?post=3606"},{"taxonomy":"product_cat","embeddable":true,"href":"https:\/\/tivaconteudo.com.br\/ewwa\/wp-json\/wp\/v2\/product_cat?post=3606"},{"taxonomy":"product_tag","embeddable":true,"href":"https:\/\/tivaconteudo.com.br\/ewwa\/wp-json\/wp\/v2\/product_tag?post=3606"}],"curies":[{"name":"wp","href":"https:\/\/api.w.org\/{rel}","templated":true}]}}